{"id":62,"date":"2019-02-04T15:04:41","date_gmt":"2019-02-04T15:04:41","guid":{"rendered":"https:\/\/malgrat.eu\/?page_id=62"},"modified":"2020-05-25T12:50:50","modified_gmt":"2020-05-25T10:50:50","slug":"registre","status":"publish","type":"page","link":"https:\/\/malgrat.eu\/cat\/registre\/","title":{"rendered":"Registre"},"content":{"rendered":"<p>Malgrat.eu, neix de la idea de <strong>connectar per internet a totes les botigues i f\u00e0briques del municipi<\/strong> de Malgrat de Mar.<\/p>\n<p>Moda t\u00e8xtil, sabateries, ferreteries, drogueries, bars, menjars per emportar, restaurants, alimentaci\u00f3 en general, fruita, verdura, peix, begudes, dentistes, \u00f2ptiques &#8230;<\/p>\n<p>No ser\u00e0 una tasca f\u00e0cil, per\u00f2 crec que la proposta \u00e9s interessant per a aquests temps que corren &#8230;<\/p>\n<p><strong>Aquest any 2020 &#8220;No cobrarem res&#8221;<\/strong>, <em><strong>si gratis<\/strong><\/em>. El que <strong>si cobrarem, el lliurament a domicili<\/strong>, que ser\u00e0 abonada pel mateix consumidor i no en tota mena de comer\u00e7os.<\/p>\n<p><strong>Creiem en el fer poble<\/strong>, fa molta pena que els negocis petits vagi a poc a poc desapareixent per la mentalitat de compra a la gran superf\u00edcie. Aquest virus marca un abans i un despr\u00e9s, les grans superf\u00edcies com a grans connectores de pand\u00e8mia i aix\u00f2 obliga a tornar &#8230;<\/p>\n<p>Tornar al mercat municipal, a les botigues que ens han vist cr\u00e9ixer &#8230; Aquestes que tenen cura de nosaltres d&#8217;una manera o altra.<\/p>\n<p>Aquest \u00e9s el <strong>comer\u00e7 de proximitat, el comer\u00e7 de barri<\/strong>, el pulm\u00f3 de la vida social i econ\u00f2mica d&#8217;un poble, del nostre poble.<\/p>\n<p>\u00bfCom treballem?<br \/>\n&#8211; Cas 1-<br \/>\n&#8211; El client compra dos productes un d&#8217;una botiga i un altre d&#8217;una altra, i vol que l&#8217;hi portin a casa. El client pagar\u00e0 1 \u20ac d&#8217;enviament. (Si viu a Malgrat)<br \/>\n&#8211; Nosaltres visitarem els dos establiments, recollirem els productes. Pagarem aquests productes i farem el lliurament.<\/p>\n<p>&#8211; Cas 2 &#8211;<br \/>\n&#8211; El client compra dos productes un d&#8217;una botiga i un altre d&#8217;una altra, i vol recollir-los en les pr\u00f2pies botigues<br \/>\n&#8211; Quan el gestor de la botiga comenti que ja s&#8217;han portat la comanda del web, li ser\u00e0 abonat en 7 dies h\u00e0bils.<\/p>\n<p>S\u00e9 que sortiran dubtes, per a aquests casos us passo el tel\u00e8fon amb WhatsApp i un correu electr\u00f2nic perqu\u00e8 em pugueu comentar qualsevol cosa.<\/p>\n<p>Tel\u00e8fon: 666.70.99.91<\/p>\n<p>email: info@malgrat.eu<\/p>\n<p><a href=\"https:\/\/malgrat.eu\/cat\/wp-content\/uploads\/sites\/3\/2020\/05\/dosier-Malgrat.pdf\">dosier Malgrat<\/a><\/p>\n\n<h2>Formulari de registre de la tenda i venedor<\/h2>\n\n<p>Envieu el formulari seg\u00fcent per convertir-se en venedor d&#039;aquesta botiga.<\/p>\n\n<form class=\"wcpv-shortcode-registration-form\">\n\n\t\n\t\t\t<p class=\"form-row form-row-first\">\n\t\t\t<label for=\"wcpv-firstname\">First Name <span class=\"required\">*<\/span><\/label>\n\t\t\t<input type=\"text\" class=\"input-text\" name=\"firstname\" id=\"wcpv-firstname\" value=\"\" tabindex=\"1\" \/>\n\t\t<\/p>\n\n\t\t<p class=\"form-row form-row-last\">\n\t\t\t<label for=\"wcpv-lastname\">Last Name <span class=\"required\">*<\/span><\/label>\n\t\t\t<input type=\"text\" class=\"input-text\" name=\"lastname\" id=\"wcpv-lastname\" value=\"\" tabindex=\"2\" \/>\n\t\t<\/p>\n\n\t\t<div class=\"clear\"><\/div>\n\n\t\t<p class=\"form-row form-row-wide\">\n\t\t\t<label for=\"wcpv-username\">Login Username <span class=\"required\">*<\/span><\/label>\n\t\t\t<input type=\"text\" class=\"input-text\" name=\"username\" id=\"wcpv-username\" value=\"\" tabindex=\"3\" \/>\n\t\t<\/p>\n\n\t\t<p class=\"form-row form-row-first\">\n\t\t\t<label for=\"wcpv-email\">Email <span class=\"required\">*<\/span><\/label>\n\t\t\t<input type=\"email\" class=\"input-text\" name=\"email\" id=\"wcpv-email\" value=\"\" tabindex=\"4\" \/>\n\t\t<\/p>\n\n\t\t<p class=\"form-row form-row-last\">\n\t\t\t<label for=\"wcpv-confirm-email\">Confirm Email <span class=\"required\">*<\/span><\/label>\n\t\t\t<input type=\"email\" class=\"input-text\" name=\"confirm_email\" id=\"wcpv-confirm-email\" value=\"\" tabindex=\"5\" \/>\n\t\t<\/p>\n\n\t\n\t<div class=\"clear\"><\/div>\n\n\t<p class=\"form-row form-row-wide\">\n\t\t<label for=\"wcpv-vendor-vendor-name\">Nom del venedor <span class=\"required\">*<\/span><\/label>\n\t\t<input class=\"input-text\" type=\"text\" name=\"vendor_name\" id=\"wcpv-vendor-name\" value=\"\" tabindex=\"6\" \/>\n\t\t<em class=\"wcpv-field-note\">Important: aquest \u00e9s el nom que veuen els clients que compren els vostres productes. Seleccioneu amb cura.<\/em>\n\t<\/p>\n\n\t<p class=\"form-row form-row-wide\">\n\t\t<label for=\"wcpv-vendor-description\">Descriviu quelcom sobre la vostra empresa i el que veneu. <span class=\"required\">*<\/span><\/label>\n\t\t<textarea class=\"input-text\" name=\"vendor_description\" id=\"wcpv-vendor-description\" rows=\"4\" tabindex=\"7\"><\/textarea>\n\t<\/p>\n\n\t\n\t<p class=\"form-row\">\n\t\t<input type=\"submit\" class=\"button\" name=\"register\" value=\"\nRegistra&#039;t ara\" tabindex=\"8\" \/>\n\t<\/p>\n\n\t\n<\/form>\n\n<h3>Uneix-te a nosaltres<\/h3>\n<p style=\"text-align: left;\"><img loading=\"lazy\" decoding=\"async\" class=\"size-medium wp-image-296 alignleft\" src=\"https:\/\/malgrat.eu\/cat\/wp-content\/uploads\/sites\/3\/2020\/05\/boceto-tienda-grande-212x300.jpg\" alt=\"\" width=\"212\" height=\"300\" srcset=\"https:\/\/malgrat.eu\/cat\/wp-content\/uploads\/sites\/3\/2020\/05\/boceto-tienda-grande-212x300.jpg 212w, https:\/\/malgrat.eu\/cat\/wp-content\/uploads\/sites\/3\/2020\/05\/boceto-tienda-grande-724x1024.jpg 724w, https:\/\/malgrat.eu\/cat\/wp-content\/uploads\/sites\/3\/2020\/05\/boceto-tienda-grande-768x1086.jpg 768w, https:\/\/malgrat.eu\/cat\/wp-content\/uploads\/sites\/3\/2020\/05\/boceto-tienda-grande-1086x1536.jpg 1086w, https:\/\/malgrat.eu\/cat\/wp-content\/uploads\/sites\/3\/2020\/05\/boceto-tienda-grande-1448x2048.jpg 1448w, https:\/\/malgrat.eu\/cat\/wp-content\/uploads\/sites\/3\/2020\/05\/boceto-tienda-grande-416x588.jpg 416w, https:\/\/malgrat.eu\/cat\/wp-content\/uploads\/sites\/3\/2020\/05\/boceto-tienda-grande-scaled.jpg 1810w\" sizes=\"auto, (max-width: 212px) 100vw, 212px\" \/><\/p>\n<p>&nbsp;<\/p>\n<p style=\"text-align: left;\"><strong>Aquest cartell \u00e9s el que posarem al teu establiment<\/strong><\/p>\n<p style=\"text-align: left;\">per refor\u00e7ar des de la web, les teves vendes.<br \/>\nResoldrem amb el codi QR.<br \/>\nLes reserves, compres o Cartes de restaurants i bars.<\/p>\n","protected":false},"excerpt":{"rendered":"<p>Malgrat.eu, neix de la idea de connectar per internet a totes les botigues i f\u00e0briques del municipi de Malgrat de Mar. Moda t\u00e8xtil, sabateries, ferreteries, drogueries, bars, menjars per emportar, restaurants, alimentaci\u00f3 en general, fruita, verdura, peix, begudes, dentistes, \u00f2ptiques &#8230; No ser\u00e0 una tasca f\u00e0cil, per\u00f2 crec que la proposta \u00e9s interessant per a [&hellip;]<\/p>\n","protected":false},"author":1,"featured_media":0,"parent":0,"menu_order":0,"comment_status":"closed","ping_status":"closed","template":"template-fullwidth.php","meta":{"footnotes":""},"class_list":["post-62","page","type-page","status-publish","hentry"],"_links":{"self":[{"href":"https:\/\/malgrat.eu\/cat\/wp-json\/wp\/v2\/pages\/62","targetHints":{"allow":["GET"]}}],"collection":[{"href":"https:\/\/malgrat.eu\/cat\/wp-json\/wp\/v2\/pages"}],"about":[{"href":"https:\/\/malgrat.eu\/cat\/wp-json\/wp\/v2\/types\/page"}],"author":[{"embeddable":true,"href":"https:\/\/malgrat.eu\/cat\/wp-json\/wp\/v2\/users\/1"}],"replies":[{"embeddable":true,"href":"https:\/\/malgrat.eu\/cat\/wp-json\/wp\/v2\/comments?post=62"}],"version-history":[{"count":8,"href":"https:\/\/malgrat.eu\/cat\/wp-json\/wp\/v2\/pages\/62\/revisions"}],"predecessor-version":[{"id":297,"href":"https:\/\/malgrat.eu\/cat\/wp-json\/wp\/v2\/pages\/62\/revisions\/297"}],"wp:attachment":[{"href":"https:\/\/malgrat.eu\/cat\/wp-json\/wp\/v2\/media?parent=62"}],"curies":[{"name":"wp","href":"https:\/\/api.w.org\/{rel}","templated":true}]}}