{"id":12,"date":"2019-02-04T01:17:34","date_gmt":"2019-02-04T01:17:34","guid":{"rendered":"https:\/\/malgrat.eu\/producto\/taza-mickey-personalizada-con-foto\/"},"modified":"2019-02-05T11:32:47","modified_gmt":"2019-02-05T11:32:47","slug":"taza-mickey-personalizada-con-foto","status":"publish","type":"product","link":"https:\/\/malgrat.eu\/cat\/tenda\/taza-mickey-personalizada-con-foto\/","title":{"rendered":"Taza Mickey personalizada con foto"},"content":{"rendered":"<h2>Taza Mickey tipo Mock up<\/h2>\n<p>Este tipo de Taza Mickey es la m\u00e1s habitual para el uso diario, &#8221; La cl\u00e1sica &#8220;. A esta taza blanca le podemos colocar fotos, dibujos o textos. En esta ocasi\u00f3n lo convertimos en un regalo de cumplea\u00f1os o de recuerdo.<\/p>\n<h3>Ideales con personajes Disney, pr\u00edncipes y princesas<\/h3>\n<p>Son ese tipo de Taza Mickey que da gusto encontrar con el primer cola-cao de la ma\u00f1ana.<\/p>\n<p>Suelen ser dibujos de princesas, pr\u00edncipes dibujados con tonos pastel. Donde todos los acabados y colores son de l\u00edneas suaves.<\/p>\n<p>&nbsp;<\/p>\n<p><img loading=\"lazy\" decoding=\"async\" class=\"size-medium wp-image-80\" src=\"https:\/\/malgrat.eu\/wp-content\/uploads\/sites\/3\/2019\/02\/taza-princesas12-e1549364299307-272x300.jpg\" alt=\"\" width=\"272\" height=\"300\" srcset=\"https:\/\/malgrat.eu\/cat\/wp-content\/uploads\/sites\/3\/2019\/02\/taza-princesas12-e1549364299307-272x300.jpg 272w, https:\/\/malgrat.eu\/cat\/wp-content\/uploads\/sites\/3\/2019\/02\/taza-princesas12-e1549364299307-416x459.jpg 416w, https:\/\/malgrat.eu\/cat\/wp-content\/uploads\/sites\/3\/2019\/02\/taza-princesas12-e1549364299307.jpg 494w\" sizes=\"auto, (max-width: 272px) 100vw, 272px\" \/><\/p>\n<p>&nbsp;<\/p>\n<h2>\u00bfComo atendemos cada pedido?<\/h2>\n<p>lo realizamos seg\u00fan vuestra idea, siempre bas\u00e1ndonos en la taza tipo.<\/p>\n<p>Optimizamos las fotos y preparamos los textos, una vez dise\u00f1ado el primer boceto pedimos autorizaci\u00f3n de OK.<\/p>\n<p>Paso de fabricaci\u00f3n de la taza, adecuando los colores del acabado final para la obtenci\u00f3n del mejor color general y el m\u00e1ximo brillo y durabilidad de la taza.<\/p>\n<p>Este es un regalo perfecto para el ni\u00f1o que cumple los a\u00f1os as\u00ed como tambi\u00e9n a los invitados al acto.<\/p>\n<p>!Qu\u00e9 bonito recuerdo de su amiguito!<\/p>\n","protected":false},"excerpt":{"rendered":"<p>Personaliza tu taza, es un bonito regalo que utilizar\u00e1n o utilizar\u00e1s todos los d\u00edas.<\/p>\n<p>Taza de 11 oz de alta calidad. Preparada para lavar en lavavajillas y calentar en microondas<\/p>\n","protected":false},"featured_media":29,"comment_status":"closed","ping_status":"closed","template":"","meta":[],"class_list":["post-12","product","type-product","status-publish","has-post-thumbnail","hentry","product_cat-tasses","product_tag-taza","product_tag-taza-cumpleanos","product_tag-taza-mickey","product_tag-tazas-personalizadas","wcpv_product_vendors-lause"],"_links":{"self":[{"href":"https:\/\/malgrat.eu\/cat\/wp-json\/wp\/v2\/product\/12","targetHints":{"allow":["GET"]}}],"collection":[{"href":"https:\/\/malgrat.eu\/cat\/wp-json\/wp\/v2\/product"}],"about":[{"href":"https:\/\/malgrat.eu\/cat\/wp-json\/wp\/v2\/types\/product"}],"replies":[{"embeddable":true,"href":"https:\/\/malgrat.eu\/cat\/wp-json\/wp\/v2\/comments?post=12"}],"wp:featuredmedia":[{"embeddable":true,"href":"https:\/\/malgrat.eu\/cat\/wp-json\/wp\/v2\/media\/29"}],"wp:attachment":[{"href":"https:\/\/malgrat.eu\/cat\/wp-json\/wp\/v2\/media?parent=12"}],"curies":[{"name":"wp","href":"https:\/\/api.w.org\/{rel}","templated":true}]}}