{"id":13,"date":"2019-02-04T01:17:34","date_gmt":"2019-02-04T01:17:34","guid":{"rendered":"https:\/\/malgrat.eu\/producto\/taza-frozen-personalizada-con-foto\/"},"modified":"2019-02-08T15:11:16","modified_gmt":"2019-02-08T15:11:16","slug":"tassa-frozen-personalitzada-amb-foto","status":"publish","type":"product","link":"https:\/\/malgrat.eu\/cat\/tenda\/tassa-frozen-personalitzada-amb-foto\/","title":{"rendered":"Tassa Frozen personalitzada amb foto"},"content":{"rendered":"<h2>Tassa Frozen tipo Mock up<\/h2>\n<p>Aquest tipus de tassa Frozen \u00e9s la m\u00e9s habitual per a l&#8217;\u00fas diari, &#8220;La cl\u00e0ssica&#8221;. A aquesta tassa blanca li podem col\u00b7locar fotos, dibuixos o textos. En aquesta ocasi\u00f3 el convertim en un regal d&#8217;aniversari o de record.<\/p>\n<h3>Ideals amb pr\u00ednceps i princeses<\/h3>\n<p>S\u00f3n aquest tipus de tassa Frozen que d\u00f3na gust trobar amb el primer cua-cao del mat\u00ed.<\/p>\n<p>Solen ser dibuixos de princeses, pr\u00ednceps dibuixats amb tons past\u00eds. On tots els acabats i colors s\u00f3n de l\u00ednies suaus.<\/p>\n<p>&nbsp;<\/p>\n<figure id=\"attachment_80\" aria-describedby=\"caption-attachment-80\" style=\"width: 272px\" class=\"wp-caption alignnone\"><img loading=\"lazy\" decoding=\"async\" class=\"size-medium wp-image-80\" src=\"https:\/\/malgrat.eu\/wp-content\/uploads\/sites\/3\/2019\/02\/taza-princesas12-e1549364299307-272x300.jpg\" alt=\"taza de princesas\" width=\"272\" height=\"300\" srcset=\"https:\/\/malgrat.eu\/cat\/wp-content\/uploads\/sites\/3\/2019\/02\/taza-princesas12-e1549364299307-272x300.jpg 272w, https:\/\/malgrat.eu\/cat\/wp-content\/uploads\/sites\/3\/2019\/02\/taza-princesas12-e1549364299307-416x459.jpg 416w, https:\/\/malgrat.eu\/cat\/wp-content\/uploads\/sites\/3\/2019\/02\/taza-princesas12-e1549364299307.jpg 494w\" sizes=\"auto, (max-width: 272px) 100vw, 272px\" \/><figcaption id=\"caption-attachment-80\" class=\"wp-caption-text\">taza-princesas<\/figcaption><\/figure>\n<h2>\u00bfCom atenem cada comanda?<\/h2>\n<p>El realitzem segons la vostra idea, sempre basant-nos en la tassa tipus.<\/p>\n<p>Optimitzem les fotos i preparem els textos, un cop dissenyat el primer esb\u00f3s demanem autoritzaci\u00f3 d&#8217;OK.<\/p>\n<p>Pas de fabricaci\u00f3 de la tassa, adequant els colors de l&#8217;acabat final per a l&#8217;obtenci\u00f3 del millor color general i la m\u00e0xima brillantor i durabilitat de la tassa.<\/p>\n","protected":false},"excerpt":{"rendered":"<p>Personalitza el teu tassa, \u00e9s un bonic regal que utilitzaran o utilitzar\u00e0s tots els dies.<\/p>\n<p>Tassa d&#8217;11 oz d&#8217;alta qualitat. A punt per rentar al rentaplats i escalfar en microones<\/p>\n","protected":false},"featured_media":147,"comment_status":"closed","ping_status":"closed","template":"","meta":[],"class_list":["post-13","product","type-product","status-publish","has-post-thumbnail","hentry","product_cat-tasses","product_tag-taza","product_tag-tazas-personalizadas","wcpv_product_vendors-lause"],"_links":{"self":[{"href":"https:\/\/malgrat.eu\/cat\/wp-json\/wp\/v2\/product\/13","targetHints":{"allow":["GET"]}}],"collection":[{"href":"https:\/\/malgrat.eu\/cat\/wp-json\/wp\/v2\/product"}],"about":[{"href":"https:\/\/malgrat.eu\/cat\/wp-json\/wp\/v2\/types\/product"}],"replies":[{"embeddable":true,"href":"https:\/\/malgrat.eu\/cat\/wp-json\/wp\/v2\/comments?post=13"}],"wp:featuredmedia":[{"embeddable":true,"href":"https:\/\/malgrat.eu\/cat\/wp-json\/wp\/v2\/media\/147"}],"wp:attachment":[{"href":"https:\/\/malgrat.eu\/cat\/wp-json\/wp\/v2\/media?parent=13"}],"curies":[{"name":"wp","href":"https:\/\/api.w.org\/{rel}","templated":true}]}}