{"id":14,"date":"2019-02-04T01:17:34","date_gmt":"2019-02-04T01:17:34","guid":{"rendered":"https:\/\/malgrat.eu\/producto\/tazas-para-empresas\/"},"modified":"2019-02-05T10:53:26","modified_gmt":"2019-02-05T10:53:26","slug":"tazas-para-empresas","status":"publish","type":"product","link":"https:\/\/malgrat.eu\/cat\/tenda\/tazas-para-empresas\/","title":{"rendered":"Tazas para empresas"},"content":{"rendered":"<h2>Tazas para empresas tipo Mock up<\/h2>\n<p>Este tipo de tazas es la m\u00e1s habitual para el uso diario, &#8221; La cl\u00e1sica &#8220;. A esta taza blanca le podemos colocar fotos, dibujos o textos. En esta ocasi\u00f3n lo convertimos en un regalo de empresa o una motivaci\u00f3n para los trabajadores de esta.<\/p>\n<h3>Ideales con Logotipos y frases corporativas<\/h3>\n<p>Son ese tipo de taza de empresa son las utilizadas por vosotros o vuestros clientes para dar prestigio de marca.<\/p>\n<p>Suelen ser Sobre fondos blancos o colores corporativos con el logotipo de la empresa y alguna frase motivacional.<\/p>\n<p>&nbsp;<\/p>\n<p><img loading=\"lazy\" decoding=\"async\" class=\"alignnone size-medium wp-image-132\" src=\"https:\/\/malgrat.eu\/wp-content\/uploads\/sites\/3\/2019\/02\/taza-esbarjox-300x285.jpg\" alt=\"\" width=\"300\" height=\"285\" \/><\/p>\n<h2>\u00bfComo atendemos cada pedido?<\/h2>\n<p>lo realizamos seg\u00fan vuestra idea, siempre bas\u00e1ndonos en la taza tipo.<\/p>\n<p>Optimizamos las fotos y preparamos los textos, una vez dise\u00f1ado el primer boceto pedimos autorizaci\u00f3n de OK.<\/p>\n<p>Paso de fabricaci\u00f3n de la taza, adecuando los colores del acabado final para la obtenci\u00f3n del mejor color general y el m\u00e1ximo brillo y durabilidad de la taza.<\/p>\n<p>En este tipo de tazas para empresas nos podemos encontrar dos vertientes las de calidad AAA que es la utilizada por nosotros y la que son ideales si es para vuestro mismo equipo o las A, mas bastas con m\u00e1s impurezas y peor acabado, que son las de regalo.<\/p>\n<p>Tanto si van a ser para regalar como para uso cotidiano vuestro nosotros siempre aconsejamos la AAA por la calidez y acabado final.<\/p>\n<p>La Taza se convierte en el espejo de marca y estamos seguros que esa imagen no la vamos a querer da\u00f1ar con una simple taza&#8230;\u00a0 \u00a0al contrario queremos que le cojan &#8221; hasta cari\u00f1o&#8221;.<\/p>\n","protected":false},"excerpt":{"rendered":"<p>Personaliza tu taza, es un bonito regalo que utilizar\u00e1n o utilizar\u00e1s todos los d\u00edas.<\/p>\n<p>Taza de 11 oz de alta calidad. Preparada para lavar en lavavajillas y calentar en microondas<\/p>\n","protected":false},"featured_media":33,"comment_status":"closed","ping_status":"closed","template":"","meta":[],"class_list":["post-14","product","type-product","status-publish","has-post-thumbnail","hentry","product_cat-tasses","product_tag-taza","product_tag-tazas-para-empresas","product_tag-tazas-personalizadas","wcpv_product_vendors-lause"],"_links":{"self":[{"href":"https:\/\/malgrat.eu\/cat\/wp-json\/wp\/v2\/product\/14","targetHints":{"allow":["GET"]}}],"collection":[{"href":"https:\/\/malgrat.eu\/cat\/wp-json\/wp\/v2\/product"}],"about":[{"href":"https:\/\/malgrat.eu\/cat\/wp-json\/wp\/v2\/types\/product"}],"replies":[{"embeddable":true,"href":"https:\/\/malgrat.eu\/cat\/wp-json\/wp\/v2\/comments?post=14"}],"wp:featuredmedia":[{"embeddable":true,"href":"https:\/\/malgrat.eu\/cat\/wp-json\/wp\/v2\/media\/33"}],"wp:attachment":[{"href":"https:\/\/malgrat.eu\/cat\/wp-json\/wp\/v2\/media?parent=14"}],"curies":[{"name":"wp","href":"https:\/\/api.w.org\/{rel}","templated":true}]}}