{"id":15,"date":"2019-02-04T01:17:34","date_gmt":"2019-02-04T01:17:34","guid":{"rendered":"https:\/\/malgrat.eu\/producto\/taza-personalizada-con-foto-con-diseno-superman\/"},"modified":"2019-02-05T10:43:14","modified_gmt":"2019-02-05T10:43:14","slug":"taza-personalizada-con-foto-con-diseno-superman","status":"publish","type":"product","link":"https:\/\/malgrat.eu\/cat\/tenda\/taza-personalizada-con-foto-con-diseno-superman\/","title":{"rendered":"Taza personalizada con foto con Dise\u00f1o Superman"},"content":{"rendered":"<h2>Taza Superman tipo Mock up<\/h2>\n<p>Este tipo de tazas es la m\u00e1s habitual para el uso diario, &#8221; La cl\u00e1sica &#8220;. A esta taza blanca le podemos colocar fotos, dibujos o textos. En esta ocasi\u00f3n le damos un toque infantil con esta taza el que aparezca en la foto ser\u00e1 el Superman de la casa.<\/p>\n<h3>Ideales con h\u00e9roes de c\u00f3mics<\/h3>\n<p>Son ese tipo de taza Superman que da gusto encontrar con el primer cola-cao de la ma\u00f1ana.<\/p>\n<p>Suelen ser unos dibujos con los super h\u00e9roes de toda la vida, Superman, Spiderman, Capit\u00e1n Am\u00e9rica, etc&#8230;<\/p>\n<p><img loading=\"lazy\" decoding=\"async\" class=\"alignnone size-medium wp-image-130\" src=\"https:\/\/malgrat.eu\/wp-content\/uploads\/sites\/3\/2019\/02\/Fortnite-300x225.jpg\" alt=\"\" width=\"300\" height=\"225\" \/><\/p>\n<h2>\u00bfComo atendemos cada pedido?<\/h2>\n<p>lo realizamos seg\u00fan vuestra idea, siempre bas\u00e1ndonos en la taza tipo.<\/p>\n<p>Optimizamos las fotos y preparamos los textos, una vez dise\u00f1ado el primer boceto pedimos autorizaci\u00f3n de OK.<\/p>\n<p>Paso de fabricaci\u00f3n de la taza, adecuando los colores del acabado final para la obtenci\u00f3n del mejor color general y el m\u00e1ximo brillo y durabilidad de la taza.<\/p>\n<p>En seg\u00fan que casos se pueden hacer del mismo dise\u00f1o todas las tazas que puedas necesitar, por si es para un cumplea\u00f1os una baby shower, etc&#8230;<\/p>\n","protected":false},"excerpt":{"rendered":"<p>Personaliza tu taza, es un bonito regalo que utilizar\u00e1n o utilizar\u00e1s todos los d\u00edas.<\/p>\n<p>Taza de 11 oz de alta calidad. Preparada para lavar en lavavajillas y calentar en microondas<\/p>\n","protected":false},"featured_media":76,"comment_status":"closed","ping_status":"closed","template":"","meta":[],"class_list":["post-15","product","type-product","status-publish","has-post-thumbnail","hentry","product_cat-tasses","product_tag-taza","product_tag-taza-superman","product_tag-tazas-personalizadas","wcpv_product_vendors-lause"],"_links":{"self":[{"href":"https:\/\/malgrat.eu\/cat\/wp-json\/wp\/v2\/product\/15","targetHints":{"allow":["GET"]}}],"collection":[{"href":"https:\/\/malgrat.eu\/cat\/wp-json\/wp\/v2\/product"}],"about":[{"href":"https:\/\/malgrat.eu\/cat\/wp-json\/wp\/v2\/types\/product"}],"replies":[{"embeddable":true,"href":"https:\/\/malgrat.eu\/cat\/wp-json\/wp\/v2\/comments?post=15"}],"wp:featuredmedia":[{"embeddable":true,"href":"https:\/\/malgrat.eu\/cat\/wp-json\/wp\/v2\/media\/76"}],"wp:attachment":[{"href":"https:\/\/malgrat.eu\/cat\/wp-json\/wp\/v2\/media?parent=15"}],"curies":[{"name":"wp","href":"https:\/\/api.w.org\/{rel}","templated":true}]}}