{"id":17,"date":"2019-02-04T01:17:34","date_gmt":"2019-02-04T01:17:34","guid":{"rendered":"https:\/\/malgrat.eu\/producto\/taza-personalizada-con-foto-diseno-1\/"},"modified":"2019-02-05T10:24:16","modified_gmt":"2019-02-05T10:24:16","slug":"taza-personalizada-con-foto-diseno-1","status":"publish","type":"product","link":"https:\/\/malgrat.eu\/cat\/tenda\/taza-personalizada-con-foto-diseno-1\/","title":{"rendered":"Taza personalizada con foto Dise\u00f1o 1"},"content":{"rendered":"<h2>Taza personalizada tipo Mock up<\/h2>\n<p>Este tipo de tazas es la m\u00e1s habitual para el uso diario, &#8221; La cl\u00e1sica &#8220;. A esta taza blanca le podemos colocar fotos, dibujos o textos.<\/p>\n<h3>Ideales con frases positivas<\/h3>\n<p>Son ese tipo de taza personalizada que da gusto encontrar con el primer caf\u00e9 de la ma\u00f1ana.<\/p>\n<p>Suelen ser frases cortas que dan la chispa de buen humor. Las que hacer sacar una sonrisa.<\/p>\n<p><img loading=\"lazy\" decoding=\"async\" class=\"size-medium wp-image-92\" src=\"https:\/\/malgrat.eu\/wp-content\/uploads\/sites\/3\/2019\/01\/enamorados22x-1-300x225.jpg\" alt=\"\" width=\"300\" height=\"225\" \/><\/p>\n<p>&nbsp;<\/p>\n<h2>\u00bfComo atendemos cada pedido?<\/h2>\n<p>lo realizamos seg\u00fan vuestra idea, siempre bas\u00e1ndonos en la taza tipo.<\/p>\n<p>Optimizamos las fotos y preparamos los textos, una vez dise\u00f1ado el primer boceto pedimos autorizaci\u00f3n de OK.<\/p>\n<p>Paso de fabricaci\u00f3n de la taza, adecuando los colores del acabado final para la obtenci\u00f3n del mejor color general y el m\u00e1ximo brillo y durabilidad de la taza.<\/p>\n","protected":false},"excerpt":{"rendered":"<p>Personaliza tu taza, es un bonito regalo que utilizar\u00e1n o utilizar\u00e1s todos los d\u00edas.<\/p>\n<p>Taza de 11 oz de alta calidad. Preparada para lavar en lavavajillas y calentar en microondas<\/p>\n","protected":false},"featured_media":72,"comment_status":"closed","ping_status":"closed","template":"","meta":[],"class_list":["post-17","product","type-product","status-publish","has-post-thumbnail","hentry","product_cat-tasses","product_tag-taza","product_tag-tazas-personalizadas","wcpv_product_vendors-lause"],"_links":{"self":[{"href":"https:\/\/malgrat.eu\/cat\/wp-json\/wp\/v2\/product\/17","targetHints":{"allow":["GET"]}}],"collection":[{"href":"https:\/\/malgrat.eu\/cat\/wp-json\/wp\/v2\/product"}],"about":[{"href":"https:\/\/malgrat.eu\/cat\/wp-json\/wp\/v2\/types\/product"}],"replies":[{"embeddable":true,"href":"https:\/\/malgrat.eu\/cat\/wp-json\/wp\/v2\/comments?post=17"}],"wp:featuredmedia":[{"embeddable":true,"href":"https:\/\/malgrat.eu\/cat\/wp-json\/wp\/v2\/media\/72"}],"wp:attachment":[{"href":"https:\/\/malgrat.eu\/cat\/wp-json\/wp\/v2\/media?parent=17"}],"curies":[{"name":"wp","href":"https:\/\/api.w.org\/{rel}","templated":true}]}}