{"id":18,"date":"2019-02-04T01:17:34","date_gmt":"2019-02-04T01:17:34","guid":{"rendered":"https:\/\/malgrat.eu\/producto\/braga-cuello-nino-con-un-bonito-diseno\/"},"modified":"2019-02-12T06:25:56","modified_gmt":"2019-02-12T06:25:56","slug":"braga-cuello-nino-con-un-bonito-diseno","status":"publish","type":"product","link":"https:\/\/malgrat.eu\/en\/producto\/braga-cuello-nino-con-un-bonito-diseno\/","title":{"rendered":"Braga cuello ni\u00f1o con un bonito dise\u00f1o"},"content":{"rendered":"<p>Braga ni\u00f1o de diversos estilos y colores.<\/p>\n<p>Material: sint\u00e9tico<\/p>\n","protected":false},"excerpt":{"rendered":"<p>Braga ni\u00f1o de diversos estilos y colores. Material: sint\u00e9tico<\/p>\n","protected":false},"featured_media":163,"comment_status":"closed","ping_status":"closed","template":"","meta":[],"class_list":["post-18","product","type-product","status-publish","has-post-thumbnail","hentry","product_cat-cuello-nino-a","product_tag-braga-cuello","product_tag-cuello","wcpv_product_vendors-virtual"],"_links":{"self":[{"href":"https:\/\/malgrat.eu\/en\/wp-json\/wp\/v2\/product\/18","targetHints":{"allow":["GET"]}}],"collection":[{"href":"https:\/\/malgrat.eu\/en\/wp-json\/wp\/v2\/product"}],"about":[{"href":"https:\/\/malgrat.eu\/en\/wp-json\/wp\/v2\/types\/product"}],"replies":[{"embeddable":true,"href":"https:\/\/malgrat.eu\/en\/wp-json\/wp\/v2\/comments?post=18"}],"wp:featuredmedia":[{"embeddable":true,"href":"https:\/\/malgrat.eu\/en\/wp-json\/wp\/v2\/media\/163"}],"wp:attachment":[{"href":"https:\/\/malgrat.eu\/en\/wp-json\/wp\/v2\/media?parent=18"}],"curies":[{"name":"wp","href":"https:\/\/api.w.org\/{rel}","templated":true}]}}